{"id":3,"date":"2022-08-23T15:39:04","date_gmt":"2022-08-23T13:39:04","guid":{"rendered":"http:\/\/colossalstore.es\/?page_id=3"},"modified":"2024-12-03T17:03:17","modified_gmt":"2024-12-03T16:03:17","slug":"politica-de-privacidad","status":"publish","type":"page","link":"https:\/\/www.colossalstore.es\/en\/politica-de-privacidad\/","title":{"rendered":"Privacy Policy"},"content":{"rendered":"<div data-elementor-type=\"wp-page\" data-elementor-id=\"3\" class=\"elementor elementor-3\" data-elementor-post-type=\"page\">\n\t\t\t\t\t\t<section class=\"elementor-section elementor-top-section elementor-element elementor-element-1ba134c5 elementor-section-boxed elementor-section-height-default elementor-section-height-default\" data-id=\"1ba134c5\" data-element_type=\"section\">\n\t\t\t\t\t\t<div class=\"elementor-container elementor-column-gap-default\">\n\t\t\t\t\t<div class=\"elementor-column elementor-col-100 elementor-top-column elementor-element elementor-element-28be68f4\" data-id=\"28be68f4\" data-element_type=\"column\">\n\t\t\t<div class=\"elementor-widget-wrap elementor-element-populated\">\n\t\t\t\t\t\t<div class=\"elementor-element elementor-element-6c457e2c elementor-widget elementor-widget-text-editor\" data-id=\"6c457e2c\" data-element_type=\"widget\" data-widget_type=\"text-editor.default\">\n\t\t\t\t<div class=\"elementor-widget-container\">\n\t\t\t\t\t\t\t\t\t<p><strong>PRIVACY POLICY<\/strong><\/p><p><strong>1. INFORMATION TO THE USER<\/strong><\/p><p><span style=\"color: #333399;\">Who is responsible for the processing of your personal data?<\/span><\/p><p><strong>COLOSSAL STORE SL<\/strong> is the CONTROLLER of the USER&#039;s personal data and informs you that these data will be processed in accordance with the provisions of Regulation (EU) 2016\/679 of 27 April (GDPR) and Organic Law 3\/2018 of 5 December (LOPDGDD).<\/p><p><span style=\"color: #333399;\">Why do we process your personal data?<\/span><\/p><p>To maintain a business relationship with the user. The operations planned to carry out the treatment are:<\/p><ul><li>Sending commercial advertising communications by email, fax, SMS, MMS, social networks or any other electronic or physical means, present or future, that enables commercial communications. These communications will be made by the CONTROLLER and will be related to its products and services, or those of its collaborators or suppliers, with whom it has reached a promotion agreement. In this case, third parties will never have access to personal data.<\/li><li>Conduct market research and statistical analysis.<\/li><li>Process orders, requests, respond to queries or any type of request made by the USER through any of the contact forms made available on the CONTROLLER&#039;s website.<\/li><li>Send the online newsletter about news, offers and promotions in our activity.<\/li><\/ul><p><span style=\"color: #333399;\">For what reason can we process your personal data?<\/span><\/p><p>Because the processing is legitimised by Article 6 of the GDPR as follows:<\/p><ul><li>With the consent of the USER: sending of commercial communications and the newsletter.<\/li><li>For the legitimate interest of the CONTROLLER: to carry out market studies, statistical analysis, etc. and process orders, requests, etc. at the request of the USER.<\/li><\/ul><p><span style=\"color: #333399;\">How long will we keep your personal data?<\/span><\/p><p>They will be kept for no longer than necessary to maintain the purpose of the treatment or there are legal prescriptions that dictate their custody and when it is no longer necessary for this, they will be deleted with adequate security measures to guarantee the anonymization of the data or the total destruction of the same.<\/p><p><span style=\"color: #333399;\">To whom do we provide your personal data?<\/span><\/p><p>No communication of personal data to third parties is planned, except, if necessary for the development and execution of the purposes of the processing, to our providers of services related to communications, with whom the CONTROLLER has signed the confidentiality and data processing manager contracts required by current privacy regulations.<\/p><p><span style=\"color: #333399;\">What are your rights?<\/span><\/p><p>The rights that assist the USER are:<\/p><ul><li>Right to withdraw consent at any time.<\/li><li>Right to access, rectify, transfer and delete your data, and to limit or oppose its processing.<\/li><li>Right to file a complaint with the supervisory authority (www.aepd.es) if you consider that the processing does not comply with current regulations.<\/li><\/ul><p>Contact details to exercise your rights:<\/p><p>COLOSSAL STORE SL. AMADEO ARIAS STREET, 10 \u2013 47014 VALLADOLID (Valladolid). E-mail:<br \/>info@colossalstore.es.<\/p><p><strong>2. MANDATORY OR OPTIONAL NATURE OF THE INFORMATION PROVIDED BY THE USER<\/strong><\/p><p>By ticking the corresponding boxes and entering data in the fields marked with an asterisk (*) in the contact form or presented in download forms, USERS expressly and freely and unequivocally accept that their data are necessary for the provider to process their request, and the inclusion of data in the remaining fields is voluntary. The USER guarantees that the personal data provided to the CONTROLLER are true and is responsible for communicating any changes to them.<\/p><p>The CONTROLLER informs that all data requested through the website are mandatory, as they are necessary to provide the USER with an optimal service. If all data is not provided, there is no guarantee that the information and services provided will be completely tailored to your needs.<\/p><p><strong>3. SECURITY MEASURES<\/strong><\/p><p>That in accordance with the provisions of current regulations on the protection of personal data, the CONTROLLER is complying with all the provisions of the GDPR and LOPDGDD regulations for the processing of personal data under its responsibility, and manifestly with the principles described in article 5 of the GDPR, by which they are treated in a lawful, fair and transparent manner in relation to the interested party and adequate, relevant and limited to what is necessary in relation to the purposes for which they are processed.<\/p><p>The CONTROLLER guarantees that it has implemented appropriate technical and organisational policies to apply the security measures established by the GDPR and the LOPDGDD in order to protect the rights and freedoms of USERS and has communicated to them the appropriate information so that they can exercise them.<\/p><p>For more information about privacy guarantees, you can contact the CONTROLLER through COLOSSAL STORE SL. CALLE AMADEO ARIAS, 10 \u2013 47014 VALLADOLID (Valladolid). E-mail:<br \/>info@colossalstore.es<\/p>\t\t\t\t\t\t\t\t<\/div>\n\t\t\t\t<\/div>\n\t\t\t\t\t<\/div>\n\t\t<\/div>\n\t\t\t\t\t<\/div>\n\t\t<\/section>\n\t\t\t\t<\/div>","protected":false},"excerpt":{"rendered":"<p>POL\u00cdTICA DE PRIVACIDAD 1. INFORMACI\u00d3N AL USUARIO \u00bfQui\u00e9n es el responsable del tratamiento de tus datos personales? COLOSSAL STORE S.L. es el RESPONSABLE del tratamiento de los datos personales del USUARIO y le informa de que estos datos ser\u00e1n tratados de conformidad con lo dispuesto en el Reglamento (UE) 2016\/679, de 27 de abril (GDPR), [&hellip;]<\/p>","protected":false},"author":1,"featured_media":0,"parent":0,"menu_order":0,"comment_status":"closed","ping_status":"closed","template":"","meta":{"_joinchat":[],"footnotes":""},"class_list":["post-3","page","type-page","status-publish","hentry"],"yoast_head":"<!-- This site is optimized with the Yoast SEO plugin v25.7 - https:\/\/yoast.com\/wordpress\/plugins\/seo\/ -->\n<title>Pol\u00edtica de privacidad | Colossal Store<\/title>\n<meta name=\"robots\" content=\"index, follow, max-snippet:-1, max-image-preview:large, max-video-preview:-1\" \/>\n<link rel=\"canonical\" href=\"https:\/\/www.colossalstore.es\/en\/politica-de-privacidad\/\" \/>\n<meta property=\"og:locale\" content=\"en_US\" \/>\n<meta property=\"og:type\" content=\"article\" \/>\n<meta property=\"og:title\" content=\"Pol\u00edtica de privacidad | Colossal Store\" \/>\n<meta property=\"og:description\" content=\"POL\u00cdTICA DE PRIVACIDAD 1. INFORMACI\u00d3N AL USUARIO \u00bfQui\u00e9n es el responsable del tratamiento de tus datos personales? COLOSSAL STORE S.L. es el RESPONSABLE del tratamiento de los datos personales del USUARIO y le informa de que estos datos ser\u00e1n tratados de conformidad con lo dispuesto en el Reglamento (UE) 2016\/679, de 27 de abril (GDPR), [&hellip;]\" \/>\n<meta property=\"og:url\" content=\"https:\/\/www.colossalstore.es\/en\/politica-de-privacidad\/\" \/>\n<meta property=\"og:site_name\" content=\"Colossal Store\" \/>\n<meta property=\"article:modified_time\" content=\"2024-12-03T16:03:17+00:00\" \/>\n<meta property=\"og:image\" content=\"https:\/\/www.colossalstore.es\/wp-content\/uploads\/2022\/09\/cropped-Colossal_BannerWeb-01.png\" \/>\n\t<meta property=\"og:image:width\" content=\"2917\" \/>\n\t<meta property=\"og:image:height\" content=\"834\" \/>\n\t<meta property=\"og:image:type\" content=\"image\/png\" \/>\n<meta name=\"twitter:card\" content=\"summary_large_image\" \/>\n<meta name=\"twitter:site\" content=\"@Colossal_Store\" \/>\n<meta name=\"twitter:label1\" content=\"Est. reading time\" \/>\n\t<meta name=\"twitter:data1\" content=\"4 minutes\" \/>\n<script type=\"application\/ld+json\" class=\"yoast-schema-graph\">{\"@context\":\"https:\/\/schema.org\",\"@graph\":[{\"@type\":\"WebPage\",\"@id\":\"https:\/\/www.colossalstore.es\/politica-de-privacidad\/\",\"url\":\"https:\/\/www.colossalstore.es\/politica-de-privacidad\/\",\"name\":\"Pol\u00edtica de privacidad | Colossal Store\",\"isPartOf\":{\"@id\":\"https:\/\/www.colossalstore.es\/#website\"},\"datePublished\":\"2022-08-23T13:39:04+00:00\",\"dateModified\":\"2024-12-03T16:03:17+00:00\",\"breadcrumb\":{\"@id\":\"https:\/\/www.colossalstore.es\/politica-de-privacidad\/#breadcrumb\"},\"inLanguage\":\"en-US\",\"potentialAction\":[{\"@type\":\"ReadAction\",\"target\":[\"https:\/\/www.colossalstore.es\/politica-de-privacidad\/\"]}]},{\"@type\":\"BreadcrumbList\",\"@id\":\"https:\/\/www.colossalstore.es\/politica-de-privacidad\/#breadcrumb\",\"itemListElement\":[{\"@type\":\"ListItem\",\"position\":1,\"name\":\"Home\",\"item\":\"https:\/\/www.colossalstore.es\/\"},{\"@type\":\"ListItem\",\"position\":2,\"name\":\"Pol\u00edtica de privacidad\"}]},{\"@type\":\"WebSite\",\"@id\":\"https:\/\/www.colossalstore.es\/#website\",\"url\":\"https:\/\/www.colossalstore.es\/\",\"name\":\"Colossal Store\",\"description\":\"Colossal Store, tienda especializada en TCGs.\",\"publisher\":{\"@id\":\"https:\/\/www.colossalstore.es\/#organization\"},\"alternateName\":\"Colossal Store\",\"potentialAction\":[{\"@type\":\"SearchAction\",\"target\":{\"@type\":\"EntryPoint\",\"urlTemplate\":\"https:\/\/www.colossalstore.es\/?s={search_term_string}\"},\"query-input\":{\"@type\":\"PropertyValueSpecification\",\"valueRequired\":true,\"valueName\":\"search_term_string\"}}],\"inLanguage\":\"en-US\"},{\"@type\":\"Organization\",\"@id\":\"https:\/\/www.colossalstore.es\/#organization\",\"name\":\"Colossal Store\",\"url\":\"https:\/\/www.colossalstore.es\/\",\"logo\":{\"@type\":\"ImageObject\",\"inLanguage\":\"en-US\",\"@id\":\"https:\/\/www.colossalstore.es\/#\/schema\/logo\/image\/\",\"url\":\"https:\/\/www.colossalstore.es\/wp-content\/uploads\/2023\/05\/Colossal_Logo-02.png\",\"contentUrl\":\"https:\/\/www.colossalstore.es\/wp-content\/uploads\/2023\/05\/Colossal_Logo-02.png\",\"width\":1181,\"height\":1181,\"caption\":\"Colossal Store\"},\"image\":{\"@id\":\"https:\/\/www.colossalstore.es\/#\/schema\/logo\/image\/\"},\"sameAs\":[\"https:\/\/x.com\/Colossal_Store\",\"https:\/\/www.instagram.com\/colossal_store_tcg\/\",\"https:\/\/www.tiktok.com\/@colossalstore\"]}]}<\/script>\n<!-- \/ Yoast SEO plugin. -->","yoast_head_json":{"title":"Pol\u00edtica de privacidad | Colossal Store","robots":{"index":"index","follow":"follow","max-snippet":"max-snippet:-1","max-image-preview":"max-image-preview:large","max-video-preview":"max-video-preview:-1"},"canonical":"https:\/\/www.colossalstore.es\/en\/politica-de-privacidad\/","og_locale":"en_US","og_type":"article","og_title":"Pol\u00edtica de privacidad | Colossal Store","og_description":"POL\u00cdTICA DE PRIVACIDAD 1. INFORMACI\u00d3N AL USUARIO \u00bfQui\u00e9n es el responsable del tratamiento de tus datos personales? COLOSSAL STORE S.L. es el RESPONSABLE del tratamiento de los datos personales del USUARIO y le informa de que estos datos ser\u00e1n tratados de conformidad con lo dispuesto en el Reglamento (UE) 2016\/679, de 27 de abril (GDPR), [&hellip;]","og_url":"https:\/\/www.colossalstore.es\/en\/politica-de-privacidad\/","og_site_name":"Colossal Store","article_modified_time":"2024-12-03T16:03:17+00:00","og_image":[{"width":2917,"height":834,"url":"https:\/\/www.colossalstore.es\/wp-content\/uploads\/2022\/09\/cropped-Colossal_BannerWeb-01.png","type":"image\/png"}],"twitter_card":"summary_large_image","twitter_site":"@Colossal_Store","twitter_misc":{"Est. reading time":"4 minutes"},"schema":{"@context":"https:\/\/schema.org","@graph":[{"@type":"WebPage","@id":"https:\/\/www.colossalstore.es\/politica-de-privacidad\/","url":"https:\/\/www.colossalstore.es\/politica-de-privacidad\/","name":"Pol\u00edtica de privacidad | Colossal Store","isPartOf":{"@id":"https:\/\/www.colossalstore.es\/#website"},"datePublished":"2022-08-23T13:39:04+00:00","dateModified":"2024-12-03T16:03:17+00:00","breadcrumb":{"@id":"https:\/\/www.colossalstore.es\/politica-de-privacidad\/#breadcrumb"},"inLanguage":"en-US","potentialAction":[{"@type":"ReadAction","target":["https:\/\/www.colossalstore.es\/politica-de-privacidad\/"]}]},{"@type":"BreadcrumbList","@id":"https:\/\/www.colossalstore.es\/politica-de-privacidad\/#breadcrumb","itemListElement":[{"@type":"ListItem","position":1,"name":"Home","item":"https:\/\/www.colossalstore.es\/"},{"@type":"ListItem","position":2,"name":"Pol\u00edtica de privacidad"}]},{"@type":"WebSite","@id":"https:\/\/www.colossalstore.es\/#website","url":"https:\/\/www.colossalstore.es\/","name":"Colossal Store","description":"Colossal Store, store specialized in TCGs.","publisher":{"@id":"https:\/\/www.colossalstore.es\/#organization"},"alternateName":"Colossal Store","potentialAction":[{"@type":"SearchAction","target":{"@type":"EntryPoint","urlTemplate":"https:\/\/www.colossalstore.es\/?s={search_term_string}"},"query-input":{"@type":"PropertyValueSpecification","valueRequired":true,"valueName":"search_term_string"}}],"inLanguage":"en-US"},{"@type":"Organization","@id":"https:\/\/www.colossalstore.es\/#organization","name":"Colossal Store","url":"https:\/\/www.colossalstore.es\/","logo":{"@type":"ImageObject","inLanguage":"en-US","@id":"https:\/\/www.colossalstore.es\/#\/schema\/logo\/image\/","url":"https:\/\/www.colossalstore.es\/wp-content\/uploads\/2023\/05\/Colossal_Logo-02.png","contentUrl":"https:\/\/www.colossalstore.es\/wp-content\/uploads\/2023\/05\/Colossal_Logo-02.png","width":1181,"height":1181,"caption":"Colossal Store"},"image":{"@id":"https:\/\/www.colossalstore.es\/#\/schema\/logo\/image\/"},"sameAs":["https:\/\/x.com\/Colossal_Store","https:\/\/www.instagram.com\/colossal_store_tcg\/","https:\/\/www.tiktok.com\/@colossalstore"]}]}},"_links":{"self":[{"href":"https:\/\/www.colossalstore.es\/en\/wp-json\/wp\/v2\/pages\/3","targetHints":{"allow":["GET"]}}],"collection":[{"href":"https:\/\/www.colossalstore.es\/en\/wp-json\/wp\/v2\/pages"}],"about":[{"href":"https:\/\/www.colossalstore.es\/en\/wp-json\/wp\/v2\/types\/page"}],"author":[{"embeddable":true,"href":"https:\/\/www.colossalstore.es\/en\/wp-json\/wp\/v2\/users\/1"}],"replies":[{"embeddable":true,"href":"https:\/\/www.colossalstore.es\/en\/wp-json\/wp\/v2\/comments?post=3"}],"version-history":[{"count":0,"href":"https:\/\/www.colossalstore.es\/en\/wp-json\/wp\/v2\/pages\/3\/revisions"}],"wp:attachment":[{"href":"https:\/\/www.colossalstore.es\/en\/wp-json\/wp\/v2\/media?parent=3"}],"curies":[{"name":"wp","href":"https:\/\/api.w.org\/{rel}","templated":true}]}}